{"id":135,"date":"2023-11-30T01:53:20","date_gmt":"2023-11-30T00:53:20","guid":{"rendered":"https:\/\/dortyzfarmy.cz\/?page_id=135"},"modified":"2023-12-14T13:22:53","modified_gmt":"2023-12-14T12:22:53","slug":"sortiment","status":"publish","type":"page","link":"https:\/\/dortyzfarmy.cz\/?page_id=135","title":{"rendered":"Sortiment"},"content":{"rendered":"\n<p><em><strong>V\u00e1no\u010dn\u00ed cukrov\u00ed <\/strong>12 druh\u016f (baleno 0,5 kg a 1 kg<\/em>)<\/p>\n\n\n\n<p><em><strong>V\u00e1no\u010dn\u00ed cukrov\u00ed <\/strong>12 druh\u016f \u2013 bezlepkov\u00e1 varianta<\/em><\/p>\n\n\n\n<p><em><strong>Druhy v\u00e1no\u010dn\u00edho cukrov\u00ed :<\/strong><\/em><\/p>\n\n\n\n<p>&#8211; pln\u011bn\u00e9 o\u0159echy<\/p>\n\n\n\n<p>&#8211; pern\u00ed\u010dky<\/p>\n\n\n\n<p>&#8211; mu\u0161le<\/p>\n\n\n\n<p>&#8211; vanilkov\u00e9 rohl\u00ed\u010dky<\/p>\n\n\n\n<p>&#8211; slepovan\u00e9 lineck\u00e9<\/p>\n\n\n\n<p>&#8211; vos\u00ed hn\u00edzda<\/p>\n\n\n\n<p>&#8211; kokosov\u00e9 kuli\u010dky<\/p>\n\n\n\n<p>&#8211; rumov\u00e9 kuli\u010dky<\/p>\n\n\n\n<p>&#8211; medovn\u00edkov\u00e9 koule<\/p>\n\n\n\n<p>&#8211; marok\u00e1nky<\/p>\n\n\n\n<p>&#8211; pracky<\/p>\n\n\n\n<p>&#8211; i\u0161lsk\u00e9 dort\u00ed\u010dky<\/p>\n\n\n\n<p><strong>Z\u00e1kusky <\/strong><\/p>\n\n\n\n<p><em>karamelov\u00e9 v\u011btrn\u00edky<\/em><\/p>\n\n\n\n<p><em>\u010dokol\u00e1dov\u00e9 k\u0159upav\u00e9 v\u011btrn\u00edky<\/em><\/p>\n\n\n\n<p><em>m\u00ed\u0161a \u0159ezy<\/em><\/p>\n\n\n\n<p>pun\u010dov\u00fd \u0159ez<\/p>\n\n\n\n<p><em>V\u011btrn\u00edk<\/em><\/p>\n\n\n\n<p><em>Kremrole<\/em><\/p>\n\n\n\n<p><em>\u0160tafetky<\/em><\/p>\n\n\n\n<p><em>Rol\u00e1dy &#8211;&gt; Ovocn\u00e1, \u010cokol\u00e1dov\u00e1, Mrkvov\u00e1, Smetanov\u00e1<\/em><\/p>\n\n\n\n<p><strong>Dorty<\/strong><\/p>\n\n\n\n<p><em>Smetanov\u00fd<\/em><\/p>\n\n\n\n<p><em>Kakaov\u00fd<\/em><\/p>\n\n\n\n<p><em>\u010cokol\u00e1dov\u00fd<\/em><\/p>\n\n\n\n<p><em>Tiramisu<\/em><\/p>\n\n\n\n<p><\/p>\n","protected":false},"excerpt":{"rendered":"<p>V\u00e1no\u010dn\u00ed cukrov\u00ed 12 druh\u016f (baleno 0,5 kg a 1 kg) V\u00e1no\u010dn\u00ed cukrov\u00ed 12 druh\u016f \u2013 bezlepkov\u00e1 varianta Druhy v\u00e1no\u010dn\u00edho cukrov\u00ed : &#8211; pln\u011bn\u00e9 o\u0159echy &#8211; pern\u00ed\u010dky &#8211; mu\u0161le &#8211; vanilkov\u00e9 rohl\u00ed\u010dky &#8211; slepovan\u00e9 lineck\u00e9 &#8211; vos\u00ed hn\u00edzda &#8211; kokosov\u00e9 kuli\u010dky<\/p>\n","protected":false},"author":1,"featured_media":0,"parent":0,"menu_order":0,"comment_status":"closed","ping_status":"closed","template":"","meta":{"om_disable_all_campaigns":false,"_monsterinsights_skip_tracking":false,"_monsterinsights_sitenote_active":false,"_monsterinsights_sitenote_note":"","_monsterinsights_sitenote_category":0,"footnotes":""},"class_list":["post-135","page","type-page","status-publish","hentry"],"_links":{"self":[{"href":"https:\/\/dortyzfarmy.cz\/index.php?rest_route=\/wp\/v2\/pages\/135","targetHints":{"allow":["GET"]}}],"collection":[{"href":"https:\/\/dortyzfarmy.cz\/index.php?rest_route=\/wp\/v2\/pages"}],"about":[{"href":"https:\/\/dortyzfarmy.cz\/index.php?rest_route=\/wp\/v2\/types\/page"}],"author":[{"embeddable":true,"href":"https:\/\/dortyzfarmy.cz\/index.php?rest_route=\/wp\/v2\/users\/1"}],"replies":[{"embeddable":true,"href":"https:\/\/dortyzfarmy.cz\/index.php?rest_route=%2Fwp%2Fv2%2Fcomments&post=135"}],"version-history":[{"count":10,"href":"https:\/\/dortyzfarmy.cz\/index.php?rest_route=\/wp\/v2\/pages\/135\/revisions"}],"predecessor-version":[{"id":181,"href":"https:\/\/dortyzfarmy.cz\/index.php?rest_route=\/wp\/v2\/pages\/135\/revisions\/181"}],"wp:attachment":[{"href":"https:\/\/dortyzfarmy.cz\/index.php?rest_route=%2Fwp%2Fv2%2Fmedia&parent=135"}],"curies":[{"name":"wp","href":"https:\/\/api.w.org\/{rel}","templated":true}]}}