{"id":3,"date":"2023-11-21T13:53:52","date_gmt":"2023-11-21T12:53:52","guid":{"rendered":"https:\/\/dortyzfarmy.cz\/?page_id=3"},"modified":"2023-11-30T10:47:57","modified_gmt":"2023-11-30T09:47:57","slug":"ochrana-osobnich-udaju","status":"publish","type":"page","link":"https:\/\/dortyzfarmy.cz\/?page_id=3","title":{"rendered":"Z\u00e1sady ochrany osobn\u00edch \u00fadaj\u016f"},"content":{"rendered":"\n<p>Z\u00e1sady ochrany osobn\u00edch \u00fadaj\u016f<br>Jm\u00e9no podnikatele:<br>M\u00edsto podnik\u00e1n\u00ed:<br>I\u010cO:<br>Zaps\u00e1na v \u017eivnostensk\u00e9m rejst\u0159\u00edku dne<br>(d\u00e1le tak\u00e9 jen \u201eSpr\u00e1vce\u201c)<br>I. Pojmy<br>Spr\u00e1vce je provozovatelem webov\u00fdch str\u00e1nek, online slu\u017eeb a dal\u0161\u00edch projekt\u016f v s\u00edti internet (d\u00e1le jen<br>\u201eSlu\u017eby\u201c). P\u0159i provozu Slu\u017eeb Spr\u00e1vce zpracov\u00e1v\u00e1 osobn\u00ed \u00fadaje.<br>Osobn\u00ed \u00fadaje jsou identifik\u00e1tory, kter\u00e9 u\u017eivatel Spr\u00e1vci sd\u011blil subjekt \u00fadaj\u016f a kter\u00e9 jsou samostatn\u011b \u010di<br>ve spojen\u00ed s dal\u0161\u00edmi identifik\u00e1tory schopn\u00e9 identifikovat konkr\u00e9tn\u00edho u\u017eivatele (fyzickou osobu).<br>Subjekt \u00fadaj\u016f je pro \u00fa\u010dely t\u011bchto Z\u00e1sad u\u017eivatel \u2013 fyzick\u00e1 osoba, jeho\u017e \u00fadaje jsou Spr\u00e1vcem p\u0159i<br>provozu Slu\u017eeb zpracov\u00e1ny.<br>Zpracov\u00e1n\u00ed osobn\u00edch \u00fadaj\u016f znamen\u00e1 jednotliv\u00fd \u00fakon \u010di soubor \u00fakon\u016f, k nim\u017e systematicky doch\u00e1z\u00ed<br>p\u0159i nakl\u00e1d\u00e1n\u00ed s osobn\u00edmi \u00fadaji. Jedn\u00e1 se zejm\u00e9na o jejich shroma\u017e\u010fov\u00e1n\u00ed, uspo\u0159\u00e1d\u00e1n\u00ed, ukl\u00e1d\u00e1n\u00ed,<br>vyhled\u00e1v\u00e1n\u00ed, pou\u017e\u00edv\u00e1n\u00ed, \u0159azen\u00ed a t\u0159\u00edd\u011bn\u00ed v datab\u00e1z\u00edch, blokov\u00e1n\u00ed a dal\u0161\u00ed. Zpracov\u00e1n\u00ed osobn\u00edch \u00fadaj\u016f je<br>Spr\u00e1vcem je prov\u00e1d\u011bno v souladu s platnou legislativou v oblasti ochrany osobn\u00edch \u00fadaj\u016f, a to dle<br>na\u0159\u00edzen\u00ed \u010d. 2016\/679 Evropsk\u00e9ho parlamentu a Rady EU, o ochran\u011b fyzick\u00fdch osob v souvislosti se<br>zpracov\u00e1n\u00edm osobn\u00edch \u00fadaj\u016f (d\u00e1le jen \u201ena\u0159\u00edzen\u00ed GDPR\u201c) a z\u00e1kona \u010d. 110\/2019 Sb., o zpracov\u00e1n\u00ed<br>osobn\u00edch \u00fadaj\u016f.<br>Zpracovatelem je osoba (fyzick\u00e1 \u010di pr\u00e1vnick\u00e1), kterou Spr\u00e1vce pov\u011b\u0159il zpracov\u00e1n\u00edm osobn\u00edch \u00fadaj\u016f<br>pro \u00fa\u010dely stanoven\u00ed Spr\u00e1vcem.<br>II. \u00da\u010del zpracov\u00e1n\u00ed osobn\u00edch \u00fadaj\u016f<br>1. \u00da\u010delem zpracov\u00e1n\u00ed osobn\u00edch \u00fadaj\u016f je vyu\u017eit\u00ed Slu\u017eeb poskytovan\u00fdch Spr\u00e1vcem. Pr\u00e1vn\u00edm z\u00e1kladem<br>zpracov\u00e1n\u00ed osobn\u00edch \u00fadaj\u016f je uzav\u0159en\u00e1 smlouva, objedn\u00e1vka \u010di ud\u011blen\u00fd souhlas ze strany subjekt\u016f<br>\u00fadaj\u016f.<br>2. Emailov\u00e9 newslettery spr\u00e1vce zas\u00edl\u00e1 pouze na z\u00e1klad\u011b ud\u011blen\u00e9ho zvl\u00e1\u0161tn\u00edho souhlasu ve smyslu z.\u010d.<br>480\/2004 Sb., o n\u011bkter\u00fdch slu\u017eb\u00e1ch informa\u010dn\u00ed spole\u010dnosti, k zas\u00edl\u00e1n\u00ed emailov\u00fdch zpr\u00e1v (newsletter\u016f);<br>takov\u00fdto souhlas v\u0161ak nenahrazuje souhlas se zpracov\u00e1n\u00edm osobn\u00edch \u00fadaj\u016f.<br>3. Spr\u00e1vce zpracov\u00e1v\u00e1 osobn\u00ed \u00fadaje v rozsahu, ve kter\u00e9m byly u\u017eivateli poskytnuty a pouze pro shora<br>uveden\u00e9 \u00fa\u010dely (n\u00e1kup zbo\u017e\u00ed \u010di slu\u017eeb \/ uzav\u0159en\u00ed smlouvy, dal\u0161\u00ed vyu\u017eit\u00ed Slu\u017eeb a zas\u00edl\u00e1n\u00ed informac\u00ed<br>formou emailov\u00fdch newsletter\u016f).<br>III. Doba uchov\u00e1n\u00ed osobn\u00edch \u00fadaj\u016f<br>Spr\u00e1vce uchov\u00e1v\u00e1 sd\u011blen\u00e9 osobn\u00ed \u00fadaje po n\u00e1sleduj\u00edc\u00ed dobu:\u25cf V p\u0159\u00edpad\u011b trv\u00e1n\u00ed smluvn\u00edho vztahu po dobu jeho trv\u00e1n\u00ed a n\u00e1sleduj\u00edc\u00edch 5 let po jeho ukon\u010den\u00ed<br>(a to z d\u016fvodu mo\u017en\u00e9 reklamace \u010di dal\u0161\u00edch n\u00e1rok\u016f smluvn\u00edch stran.<br>\u25cf Po dobu 5 let od posledn\u00edho vyu\u017eit\u00ed slu\u017eby u\u017eivatelem.<br>\u25cf Nebo do odvol\u00e1n\u00ed souhlasu \u010di obdobn\u00e9ho \u00fakonu u\u017eivatele, kter\u00fdm odvol\u00e1 mo\u017enost zpracov\u00e1n\u00ed<br>sv\u00fdch osobn\u00edch \u00fadaj\u016f Spr\u00e1vcem.<br>IV. Pr\u00e1va subjekt\u016f \u00fadaj\u016f<br>Spr\u00e1vce garantuje subjekt\u016fm \u00fadaj\u016f v souvislosti se zpracov\u00e1n\u00edm osobn\u00edch \u00fadaj\u016f tato pr\u00e1va, kter\u00e1<br>vych\u00e1z\u00ed z na\u0159\u00edzen\u00ed GDPR:<br>1. Subjekty \u00fadaj\u016f maj\u00ed pr\u00e1vo na p\u0159\u00edstup ke sv\u00fdm osobn\u00edm \u00fadaj\u016fm. D\u00e1le maj\u00ed pr\u00e1vo na jejich<br>opravu a\/nebo dopln\u011bn\u00ed nebo jejich v\u00fdmaz, pop\u0159\u00edpad\u011b mohou po\u017eadovat omezen\u00ed zpracov\u00e1n\u00ed<br>sv\u00fdch osobn\u00edch \u00fadaj\u016f, jako\u017e i pr\u00e1vo neb\u00fdt p\u0159edm\u011btem automatizovan\u00e9ho individualizovan\u00e9ho<br>rozhodov\u00e1n\u00ed (v\u010d. profilov\u00e1n\u00ed).<br>2. Subjekty \u00fadaj\u016f maj\u00ed pr\u00e1vo vzn\u00e9st n\u00e1mitku proti zpracov\u00e1n\u00ed sv\u00fdch osobn\u00edch \u00fadaj\u016f.<br>3. Subjekty \u00fadaj\u016f maj\u00ed pr\u00e1vo na p\u0159enositelnost \u00fadaj\u016f ve strukturovan\u00e9m, b\u011b\u017en\u011b pou\u017e\u00edvan\u00e9m a<br>strojov\u011b \u010diteln\u00e9m form\u00e1tu.<br>4. Subjekty \u00fadaj\u016f jsou opr\u00e1vn\u011bny kdykoliv ud\u011blen\u00fd souhlas se zpracov\u00e1n\u00edm osobn\u00edch \u00fadaj\u016f<br>odvolat. Pro odvol\u00e1n\u00ed souhlasu Spr\u00e1vce doporu\u010duje vyu\u017e\u00edt tento sv\u016fj kontaktn\u00ed email:<br>xxxxxxxxxxxx<br>5. Subjekty \u00fadaj\u016f jsou opr\u00e1vn\u011bny podat st\u00ed\u017enost u dozorov\u00e9ho \u00fa\u0159adu, kter\u00fdm je \u00da\u0159ad pro<br>ochranu osobn\u00edch \u00fadaj\u016f (www.uoou.cz), se s\u00eddlem Pplk. Sochora 27, 170 00 Praha 7, email<br>posta@uoou.cz, datov\u00e1 schr\u00e1nka qkbaa2n.<br>V. Z\u00e1v\u011bre\u010dn\u00e1 ustanoven\u00ed<br>1. Spr\u00e1vce p\u0159i zpracov\u00e1n\u00ed \u00fadaj\u016f dle shora vymezen\u00fdch \u00fa\u010del\u016f vyu\u017e\u00edv\u00e1 n\u00e1sleduj\u00edc\u00ed zpracovatele:<br>Webglobe (d\u0159\u00edve Onebit, poskytovatel hostingu), MailerLite (mailingov\u00fd n\u00e1stroj), SimpleShop<br>(prodejn\u00ed formul\u00e1\u0159), Tereza Tomanov\u00e1 (webstera.cz, weba\u0159ka)<br>2. Spr\u00e1vce si vyhrazuje pr\u00e1vo je zm\u011bnit v p\u0159\u00edpad\u011b zm\u011bn na stran\u011b Spr\u00e1vce \u010di pr\u00e1vn\u00ed \u00fapravy v t\u00e9to<br>oblasti.<br>3. Tyto Z\u00e1sady ochrany osobn\u00edch \u00fadaj\u016f jsou \u00fa\u010dinn\u00e9 ode dne 17.11.2023<\/p>\n","protected":false},"excerpt":{"rendered":"<p>Z\u00e1sady ochrany osobn\u00edch \u00fadaj\u016fJm\u00e9no podnikatele:M\u00edsto podnik\u00e1n\u00ed:I\u010cO:Zaps\u00e1na v \u017eivnostensk\u00e9m rejst\u0159\u00edku dne(d\u00e1le tak\u00e9 jen \u201eSpr\u00e1vce\u201c)I. PojmySpr\u00e1vce je provozovatelem webov\u00fdch str\u00e1nek, online slu\u017eeb a dal\u0161\u00edch projekt\u016f v s\u00edti internet (d\u00e1le jen\u201eSlu\u017eby\u201c). P\u0159i provozu Slu\u017eeb Spr\u00e1vce zpracov\u00e1v\u00e1 osobn\u00ed \u00fadaje.Osobn\u00ed \u00fadaje jsou identifik\u00e1tory, kter\u00e9 u\u017eivatel<\/p>\n","protected":false},"author":1,"featured_media":0,"parent":0,"menu_order":0,"comment_status":"closed","ping_status":"open","template":"","meta":{"om_disable_all_campaigns":false,"_monsterinsights_skip_tracking":false,"_monsterinsights_sitenote_active":false,"_monsterinsights_sitenote_note":"","_monsterinsights_sitenote_category":0,"footnotes":""},"class_list":["post-3","page","type-page","status-publish","hentry"],"_links":{"self":[{"href":"https:\/\/dortyzfarmy.cz\/index.php?rest_route=\/wp\/v2\/pages\/3","targetHints":{"allow":["GET"]}}],"collection":[{"href":"https:\/\/dortyzfarmy.cz\/index.php?rest_route=\/wp\/v2\/pages"}],"about":[{"href":"https:\/\/dortyzfarmy.cz\/index.php?rest_route=\/wp\/v2\/types\/page"}],"author":[{"embeddable":true,"href":"https:\/\/dortyzfarmy.cz\/index.php?rest_route=\/wp\/v2\/users\/1"}],"replies":[{"embeddable":true,"href":"https:\/\/dortyzfarmy.cz\/index.php?rest_route=%2Fwp%2Fv2%2Fcomments&post=3"}],"version-history":[{"count":2,"href":"https:\/\/dortyzfarmy.cz\/index.php?rest_route=\/wp\/v2\/pages\/3\/revisions"}],"predecessor-version":[{"id":162,"href":"https:\/\/dortyzfarmy.cz\/index.php?rest_route=\/wp\/v2\/pages\/3\/revisions\/162"}],"wp:attachment":[{"href":"https:\/\/dortyzfarmy.cz\/index.php?rest_route=%2Fwp%2Fv2%2Fmedia&parent=3"}],"curies":[{"name":"wp","href":"https:\/\/api.w.org\/{rel}","templated":true}]}}